{"id":3442,"date":"2025-05-23T18:41:54","date_gmt":"2025-05-23T18:41:54","guid":{"rendered":"https:\/\/www.lbfcoach.com\/?page_id=5"},"modified":"2026-01-29T14:52:55","modified_gmt":"2026-01-29T14:52:55","slug":"online-school-home","status":"publish","type":"page","link":"https:\/\/www.lbfcoach.com\/","title":{"rendered":"Online School Home"},"content":{"rendered":"<p><div class=\"fusion-fullwidth fullwidth-box fusion-builder-row-1 fusion-flex-container has-pattern-background has-mask-background fusion-parallax-none nonhundred-percent-fullwidth hundred-percent-height hundred-percent-height-center-content non-hundred-percent-height-scrolling lazyload\" style=\"--awb-border-radius-top-left:0px;--awb-border-radius-top-right:0px;--awb-border-radius-bottom-right:0px;--awb-border-radius-bottom-left:0px;--awb-padding-top:100px;--awb-padding-right:0px;--awb-padding-bottom:0px;--awb-padding-left:0px;--awb-margin-top:0px;--awb-margin-bottom:0px;--awb-background-size:contain;--awb-flex-wrap:wrap;\" data-bg=\"https:\/\/www.lbfcoach.com\/wp-content\/uploads\/2026\/01\/Gemini_Generated_Image_7d0n1j7d0n1j7d0n.png\" ><div class=\"fusion-builder-row fusion-row fusion-flex-align-items-center fusion-flex-align-content-space-between fusion-flex-justify-content-center fusion-flex-content-wrap\" style=\"max-width:1279.2px;margin-left: calc(-4% \/ 2 );margin-right: calc(-4% \/ 2 );\"><\/div><\/div><div class=\"fusion-fullwidth fullwidth-box fusion-builder-row-2 fusion-flex-container has-pattern-background has-mask-background nonhundred-percent-fullwidth non-hundred-percent-height-scrolling fusion-custom-z-index\" style=\"--awb-border-radius-top-left:0px;--awb-border-radius-top-right:0px;--awb-border-radius-bottom-right:0px;--awb-border-radius-bottom-left:0px;--awb-z-index:9999;--awb-flex-wrap:wrap;\" ><div class=\"fusion-builder-row fusion-row fusion-flex-align-items-flex-start fusion-flex-content-wrap\" style=\"max-width:1279.2px;margin-left: calc(-4% \/ 2 );margin-right: calc(-4% \/ 2 );\"><div class=\"fusion-layout-column fusion_builder_column fusion-builder-column-0 fusion_builder_column_1_1 1_1 fusion-flex-column\" style=\"--awb-bg-size:cover;--awb-width-large:100%;--awb-margin-top-large:0px;--awb-spacing-right-large:1.92%;--awb-margin-bottom-large:20px;--awb-spacing-left-large:1.92%;--awb-width-medium:100%;--awb-order-medium:0;--awb-spacing-right-medium:1.92%;--awb-spacing-left-medium:1.92%;--awb-width-small:100%;--awb-order-small:0;--awb-spacing-right-small:1.92%;--awb-spacing-left-small:1.92%;\"><div class=\"fusion-column-wrapper fusion-column-has-shadow fusion-flex-justify-content-flex-start fusion-content-layout-column\"><div class=\"fusion-separator fusion-full-width-sep\" style=\"align-self: center;margin-left: auto;margin-right: auto;width:100%;\"><div class=\"fusion-separator-border sep-double\" style=\"--awb-height:20px;--awb-amount:20px;border-color:var(--awb-color3);border-top-width:1px;border-bottom-width:1px;\"><\/div><\/div><\/div><\/div><\/div><\/div><div class=\"fusion-fullwidth fullwidth-box fusion-builder-row-3 fusion-flex-container has-pattern-background has-mask-background nonhundred-percent-fullwidth non-hundred-percent-height-scrolling\" style=\"--awb-border-radius-top-left:0px;--awb-border-radius-top-right:0px;--awb-border-radius-bottom-right:0px;--awb-border-radius-bottom-left:0px;--awb-padding-top:80px;--awb-padding-bottom:80px;--awb-flex-wrap:wrap;\" ><div class=\"fusion-builder-row fusion-row fusion-flex-align-items-flex-start fusion-flex-content-wrap\" style=\"max-width:1279.2px;margin-left: calc(-4% \/ 2 );margin-right: calc(-4% \/ 2 );\"><div class=\"fusion-layout-column fusion_builder_column fusion-builder-column-1 fusion_builder_column_1_1 1_1 fusion-flex-column fusion-flex-align-self-flex-start\" style=\"--awb-bg-size:cover;--awb-width-large:100%;--awb-margin-top-large:0px;--awb-spacing-right-large:1.92%;--awb-margin-bottom-large:20px;--awb-spacing-left-large:0%;--awb-width-medium:100%;--awb-order-medium:0;--awb-spacing-right-medium:1.92%;--awb-margin-bottom-medium:40px;--awb-spacing-left-medium:0%;--awb-width-small:100%;--awb-order-small:0;--awb-spacing-right-small:1.92%;--awb-spacing-left-small:1.92%;\"><div class=\"fusion-column-wrapper fusion-column-has-shadow fusion-flex-justify-content-center fusion-content-layout-column\"><div class=\"fusion-title title fusion-title-1 fusion-sep-none fusion-title-scroll_reveal fusion-animate-once awb-title__scroll-reveal--color_change fusion-title-size-two\" style=\"--awb-text-color:var(--awb-color3);--awb-animated-text-color:var(--awb-color8);--awb-margin-top:0px;--awb-margin-bottom:24px;--awb-margin-bottom-small:32px;\" data-scroll-reveal-effect=\"color_change\" data-scroll-reveal-above-fold=\"1\" data-scroll-reveal-basis=\"chars\" data-scroll-reveal-behavior=\"always\" data-scroll-reveal-duration=\"0.6\" data-scroll-reveal-stagger=\"0.4\" data-scroll-reveal-delay=\"0\" data-scroll-reveal-counter=\"1\"><h2 class=\"fusion-title-heading title-heading-left fusion-responsive-typography-calculated\" style=\"margin:0;text-transform:none;--fontSize:42;line-height:var(--awb-typography1-line-height);\"><p class=\"p1\"><span class=\"s1\">Sono\u00a0 <\/span><b>Lorenzo<\/b><span class=\"s1\">\u00a0 Personal Fitness Coach con <\/span><b>Master in Ginnastica Posturale<\/b><\/p><\/h2><\/div><div class=\"fusion-text fusion-text-1 fusion-text-no-margin\" style=\"--awb-margin-bottom:8px;\"><p class=\"p2\">Il mio lavoro \u00e8 accompagnare le persone in un percorso concreto e personalizzato verso il miglioramento del proprio benessere fisico, dell\u2019estetica e della funzionalit\u00e0 del corpo.<\/p>\n<p class=\"p2\">Attraverso programmi di allenamento mirati, strumenti professionali e un approccio attento alla persona, ti aiuto a raggiungere i tuoi obiettivi in modo efficace e sostenibile.<\/p>\n<p class=\"p2\">Se guardandoti allo specchio senti di non esprimere al meglio le tue potenzialit\u00e0, posso guidarti passo dopo passo verso il cambiamento che desideri: dal <span class=\"s2\"><b>dimagrimento<\/b><\/span>, al <span class=\"s2\"><b>riallineamento posturale<\/b><\/span>, fino alla <span class=\"s2\"><b>tonificazione estetica e funzionale<\/b><\/span>.<\/p>\n<p class=\"p2\">Ogni percorso \u00e8 costruito su misura, perch\u00e9 ogni corpo \u00e8 diverso e merita attenzione, metodo e costanza.<\/p>\n<p class=\"p1\"><b>Fai del tuo meglio oggi, per non avere rimpianti domani.<\/b><b><\/b><\/p>\n<\/div><\/div><\/div><\/div><\/div>\n<div class=\"fusion-fullwidth fullwidth-box fusion-builder-row-4 fusion-flex-container has-pattern-background has-mask-background hundred-percent-fullwidth non-hundred-percent-height-scrolling\" style=\"--link_color: var(--awb-color7);--awb-border-color:hsla(var(--awb-custom_color_2-h),var(--awb-custom_color_2-s),calc(var(--awb-custom_color_2-l) - 4%),var(--awb-custom_color_2-a));--awb-border-radius-top-left:0px;--awb-border-radius-top-right:0px;--awb-border-radius-bottom-right:0px;--awb-border-radius-bottom-left:0px;--awb-padding-top:48px;--awb-padding-bottom:48px;--awb-flex-wrap:wrap;\" ><div class=\"awb-background-pattern\" style=\"background-image:  url(data:image\/svg+xml;utf8,%3Csvg%20width%3D%22160%22%20height%3D%22120%22%20fill%3D%22none%22%20xmlns%3D%22http%3A%2F%2Fwww.w3.org%2F2000%2Fsvg%22%3E%3Cg%20clip-path%3D%22url%28%23prefix__clip0_43_381%29%22%20stroke%3D%22rgba%28236%2C249%2C238%2C1%29%22%20stroke-width%3D%222%22%3E%3Cpath%20d%3D%22M-66.839%2019.027C-44.46%2018.538-22.38%207.377%200%207.5c22.383.123%2057.617%2015%2080%2015%2022.383%200%2057.617-14.877%2080-15%2022.381-.123%2044.461%2011.037%2066.839%2011.527M-66.839%2049.028C-44.46%2048.537-22.38%2037.377%200%2037.5c22.383.123%2057.617%2015%2080%2015%2022.383%200%2057.617-14.877%2080-15%2022.381-.123%2044.461%2011.037%2066.839%2011.528M-66.839%2079.028C-44.46%2078.537-22.38%2067.377%200%2067.5c22.383.123%2057.617%2015%2080%2015%2022.383%200%2057.617-14.877%2080-15%2022.381-.123%2044.461%2011.037%2066.839%2011.528M-66.839%20109.027C-44.46%20108.537-22.38%2097.377%200%2097.5c22.383.123%2057.617%2015%2080%2015%2022.383%200%2057.617-14.877%2080-15%2022.381-.123%2044.461%2011.037%2066.839%2011.527%22%2F%3E%3C%2Fg%3E%3Cdefs%3E%3CclipPath%20id%3D%22prefix__clip0_43_381%22%3E%3Cpath%20fill%3D%22%23fff%22%20d%3D%22M0%200h160v120H0z%22%2F%3E%3C%2FclipPath%3E%3C%2Fdefs%3E%3C%2Fsvg%3E);opacity: 0.8 ;background-size:35%;mix-blend-mode:normal;\"><\/div><div class=\"fusion-builder-row fusion-row fusion-flex-align-items-flex-start fusion-flex-content-wrap\" style=\"width:104% !important;max-width:104% !important;margin-left: calc(-4% \/ 2 );margin-right: calc(-4% \/ 2 );\"><div class=\"fusion-layout-column fusion_builder_column fusion-builder-column-2 fusion_builder_column_1_1 1_1 fusion-flex-column\" style=\"--awb-bg-size:cover;--awb-width-large:100%;--awb-margin-top-large:0px;--awb-spacing-right-large:1.92%;--awb-margin-bottom-large:20px;--awb-spacing-left-large:1.92%;--awb-width-medium:100%;--awb-order-medium:0;--awb-spacing-right-medium:1.92%;--awb-spacing-left-medium:1.92%;--awb-width-small:100%;--awb-order-small:0;--awb-spacing-right-small:1.92%;--awb-spacing-left-small:1.92%;\"><div class=\"fusion-column-wrapper fusion-column-has-shadow fusion-flex-justify-content-flex-end fusion-content-layout-column\"><div class=\"fusion-title title fusion-title-2 fusion-sep-none fusion-title-center fusion-title-marquee fusion-animate-once fusion-title-size-div\" style=\"--awb-margin-bottom:10px;--awb-marquee-speed:40000ms;--awb-marquee-translate-x:-100%;--awb-font-size:var(--awb-custom_typography_1-font-size);\"><div class=\"fusion-title-heading title-heading-center title-heading-tag awb-marquee-left awb-marquee-masked fusion-responsive-typography-calculated\" style=\"font-family:var(--awb-custom_typography_1-font-family);font-weight:var(--awb-custom_typography_1-font-weight);font-style:var(--awb-custom_typography_1-font-style);margin:0;letter-spacing:var(--awb-custom_typography_1-letter-spacing);text-transform:var(--awb-custom_typography_1-text-transform);font-size:1em;--fontSize:34;line-height:var(--awb-custom_typography_1-line-height);\"><span class=\"awb-marquee-content\">PIlates \u00a0 \u2022\u00a0 Personal Training individuale\u00a0 \u00a0\u2022\u00a0 Programmi di Tonificazione \u2022\u00a0 Percorsi Dimagrimento \u2022\u00a0 Ginnastica Posturale<\/span><span class=\"awb-marquee-content\">PIlates \u00a0 \u2022\u00a0 Personal Training individuale\u00a0 \u00a0\u2022\u00a0 Programmi di Tonificazione \u2022\u00a0 Percorsi Dimagrimento \u2022\u00a0 Ginnastica Posturale<\/span><\/div><\/div><\/div><\/div><\/div><\/div><\/p>\n","protected":false},"excerpt":{"rendered":"","protected":false},"author":1,"featured_media":0,"parent":0,"menu_order":0,"comment_status":"closed","ping_status":"closed","template":"100-width.php","meta":{"_joinchat":[],"footnotes":""},"class_list":["post-3442","page","type-page","status-publish","hentry"],"_links":{"self":[{"href":"https:\/\/www.lbfcoach.com\/index.php?rest_route=\/wp\/v2\/pages\/3442","targetHints":{"allow":["GET"]}}],"collection":[{"href":"https:\/\/www.lbfcoach.com\/index.php?rest_route=\/wp\/v2\/pages"}],"about":[{"href":"https:\/\/www.lbfcoach.com\/index.php?rest_route=\/wp\/v2\/types\/page"}],"author":[{"embeddable":true,"href":"https:\/\/www.lbfcoach.com\/index.php?rest_route=\/wp\/v2\/users\/1"}],"replies":[{"embeddable":true,"href":"https:\/\/www.lbfcoach.com\/index.php?rest_route=%2Fwp%2Fv2%2Fcomments&post=3442"}],"version-history":[{"count":24,"href":"https:\/\/www.lbfcoach.com\/index.php?rest_route=\/wp\/v2\/pages\/3442\/revisions"}],"predecessor-version":[{"id":3567,"href":"https:\/\/www.lbfcoach.com\/index.php?rest_route=\/wp\/v2\/pages\/3442\/revisions\/3567"}],"wp:attachment":[{"href":"https:\/\/www.lbfcoach.com\/index.php?rest_route=%2Fwp%2Fv2%2Fmedia&parent=3442"}],"curies":[{"name":"wp","href":"https:\/\/api.w.org\/{rel}","templated":true}]}}